{"id":7626,"date":"2025-08-12T13:47:14","date_gmt":"2025-08-12T11:47:14","guid":{"rendered":"https:\/\/www.energy-service-group.com\/mentions-legales\/"},"modified":"2025-08-18T14:15:02","modified_gmt":"2025-08-18T12:15:02","slug":"mentions-legales","status":"publish","type":"page","link":"https:\/\/www.energy-service-group.com\/fr\/mentions-legales\/","title":{"rendered":"Mentions l\u00e9gales"},"content":{"rendered":"\t\t<div data-elementor-type=\"wp-page\" data-elementor-id=\"7626\" class=\"elementor elementor-7626 elementor-7549\">\n\t\t\t\t<div class=\"elementor-element elementor-element-2145679 e-con-full e-flex e-con e-parent\" data-id=\"2145679\" data-element_type=\"container\" data-settings=\"{&quot;background_background&quot;:&quot;classic&quot;}\">\n\t\t<div class=\"elementor-element elementor-element-4286ed8b e-flex e-con-boxed e-con e-child\" data-id=\"4286ed8b\" data-element_type=\"container\">\n\t\t\t\t\t<div class=\"e-con-inner\">\n\t\t\t\t<div class=\"elementor-element elementor-element-67655a54 elementor-widget elementor-widget-page-title\" data-id=\"67655a54\" data-element_type=\"widget\" data-widget_type=\"page-title.default\">\n\t\t\t\t<div class=\"elementor-widget-container\">\n\t\t\t\t\t\t\t\n\t\t<div class=\"hfe-page-title hfe-page-title-wrapper elementor-widget-heading\">\n\n\t\t\t\t\t\t\t\t<h2 class=\"elementor-heading-title elementor-size-default\">\n\t\t\t\t\t\t\t\t\n\t\t\t\tMentions l\u00e9gales  \n\t\t\t<\/h2 > \n\t\t\t\t\t<\/div>\n\t\t\t\t\t\t<\/div>\n\t\t\t\t<\/div>\n\t\t<div class=\"elementor-element elementor-element-40ef82ea e-con-full e-flex e-con e-child\" data-id=\"40ef82ea\" data-element_type=\"container\">\n\t\t\t\t<div class=\"elementor-element elementor-element-5bb79b06 elementor-widget elementor-widget-hfe-breadcrumbs-widget\" data-id=\"5bb79b06\" data-element_type=\"widget\" data-widget_type=\"hfe-breadcrumbs-widget.default\">\n\t\t\t\t<div class=\"elementor-widget-container\">\n\t\t\t\t\t<nav aria-label=\"Breadcrumb\"><ul class=\"hfe-breadcrumbs hfe-breadcrumbs-show-home\"><li class=\"hfe-breadcrumbs-item hfe-breadcrumbs-first\"><span class=\"hfe-breadcrumbs-home-icon\"><\/span><a href=\"https:\/\/www.energy-service-group.com\/fr\/\"><span class=\"hfe-breadcrumbs-text\">Home<\/span><\/a><\/li><\/ul><\/nav>\t\t\t\t<\/div>\n\t\t\t\t<\/div>\n\t\t\t\t<div class=\"elementor-element elementor-element-39117e0a elementor-widget__width-initial elementor-hidden-mobile elementor-widget elementor-widget-heading\" data-id=\"39117e0a\" data-element_type=\"widget\" data-widget_type=\"heading.default\">\n\t\t\t\t<div class=\"elementor-widget-container\">\n\t\t\t\t\t<div class=\"elementor-heading-title elementor-size-default\">Tu trouveras ici toutes les informations juridiques importantes concernant ESG.<\/div>\t\t\t\t<\/div>\n\t\t\t\t<\/div>\n\t\t\t\t<\/div>\n\t\t\t\t\t<\/div>\n\t\t\t\t<\/div>\n\t\t\t\t<div class=\"elementor-element elementor-element-65ca1e35 elementor-widget elementor-widget-spacer\" data-id=\"65ca1e35\" data-element_type=\"widget\" data-widget_type=\"spacer.default\">\n\t\t\t\t<div class=\"elementor-widget-container\">\n\t\t\t\t\t\t\t<div class=\"elementor-spacer\">\n\t\t\t<div class=\"elementor-spacer-inner\"><\/div>\n\t\t<\/div>\n\t\t\t\t\t\t<\/div>\n\t\t\t\t<\/div>\n\t\t\t\t<\/div>\n\t\t<div class=\"elementor-element elementor-element-39a537c6 e-flex e-con-boxed e-con e-parent\" data-id=\"39a537c6\" data-element_type=\"container\">\n\t\t\t\t\t<div class=\"e-con-inner\">\n\t\t\t\t<div class=\"elementor-element elementor-element-b7e7275 elementor-widget elementor-widget-text-editor\" data-id=\"b7e7275\" data-element_type=\"widget\" data-widget_type=\"text-editor.default\">\n\t\t\t\t<div class=\"elementor-widget-container\">\n\t\t\t\t\t\t\t\t\t<p>ESG Energy Service Group GmbH<br>Hellfelder Str. 3<br>17039 Trollenhagen<br>Allemagne<\/p><p>Registre du commerce : HRB 21143<br>Tribunal d&rsquo;enregistrement : Tribunal d&rsquo;instance de Neubrandenburg<\/p><p><strong>Repr\u00e9sent\u00e9 par :<\/strong><br>Hendrik Kaiser &amp; Torsten Grohs<\/p><p><strong>Contact<\/strong><br>T\u00e9l\u00e9phone: +49 (0) 395 35 17 12 30<br>Courriel: info@energy-service-group.com<\/p><p><strong>Num\u00e9ro d&rsquo;identification fiscale<\/strong><br>Num\u00e9ro d&rsquo;identification fiscale conform\u00e9ment au \u00a7 27 a de la loi allemande sur la taxe sur le chiffre d&rsquo;affaires :<br>DE332204384<\/p>\t\t\t\t\t\t\t\t<\/div>\n\t\t\t\t<\/div>\n\t\t\t\t\t<\/div>\n\t\t\t\t<\/div>\n\t\t\t\t<\/div>\n\t\t","protected":false},"excerpt":{"rendered":"<p>Home Tu trouveras ici toutes les informations juridiques importantes concernant ESG. ESG Energy Service Group GmbHHellfelder Str. 317039 TrollenhagenAllemagne Registre du commerce : HRB 21143Tribunal d&rsquo;enregistrement : Tribunal d&rsquo;instance de Neubrandenburg Repr\u00e9sent\u00e9 par :Hendrik Kaiser &amp; Torsten Grohs ContactT\u00e9l\u00e9phone: +49 (0) 395 35 17 12 30Courriel: info@energy-service-group.com Num\u00e9ro d&rsquo;identification fiscaleNum\u00e9ro d&rsquo;identification fiscale conform\u00e9ment au \u00a7 [&hellip;]<\/p>\n","protected":false},"author":1,"featured_media":0,"parent":0,"menu_order":0,"comment_status":"closed","ping_status":"closed","template":"","meta":{"footnotes":""},"class_list":["post-7626","page","type-page","status-publish","hentry"],"_links":{"self":[{"href":"https:\/\/www.energy-service-group.com\/fr\/wp-json\/wp\/v2\/pages\/7626","targetHints":{"allow":["GET"]}}],"collection":[{"href":"https:\/\/www.energy-service-group.com\/fr\/wp-json\/wp\/v2\/pages"}],"about":[{"href":"https:\/\/www.energy-service-group.com\/fr\/wp-json\/wp\/v2\/types\/page"}],"author":[{"embeddable":true,"href":"https:\/\/www.energy-service-group.com\/fr\/wp-json\/wp\/v2\/users\/1"}],"replies":[{"embeddable":true,"href":"https:\/\/www.energy-service-group.com\/fr\/wp-json\/wp\/v2\/comments?post=7626"}],"version-history":[{"count":1,"href":"https:\/\/www.energy-service-group.com\/fr\/wp-json\/wp\/v2\/pages\/7626\/revisions"}],"predecessor-version":[{"id":7627,"href":"https:\/\/www.energy-service-group.com\/fr\/wp-json\/wp\/v2\/pages\/7626\/revisions\/7627"}],"wp:attachment":[{"href":"https:\/\/www.energy-service-group.com\/fr\/wp-json\/wp\/v2\/media?parent=7626"}],"curies":[{"name":"wp","href":"https:\/\/api.w.org\/{rel}","templated":true}]}}