{"id":7347,"date":"2025-04-04T08:04:42","date_gmt":"2025-04-04T06:04:42","guid":{"rendered":"https:\/\/www.energy-service-group.com\/hydrogene\/"},"modified":"2025-07-09T09:53:17","modified_gmt":"2025-07-09T07:53:17","slug":"hydrogene","status":"publish","type":"page","link":"https:\/\/www.energy-service-group.com\/fr\/hydrogene\/","title":{"rendered":"Hydrog\u00e8ne"},"content":{"rendered":"\t\t<div data-elementor-type=\"wp-page\" data-elementor-id=\"7347\" class=\"elementor elementor-7347 elementor-2218\">\n\t\t\t\t<div class=\"elementor-element elementor-element-4151e53 e-con-full e-flex e-con e-parent\" data-id=\"4151e53\" data-element_type=\"container\" data-settings=\"{&quot;background_background&quot;:&quot;classic&quot;}\">\n\t\t<div class=\"elementor-element elementor-element-ff80ea7 e-flex e-con-boxed e-con e-child\" data-id=\"ff80ea7\" data-element_type=\"container\">\n\t\t\t\t\t<div class=\"e-con-inner\">\n\t\t\t\t<div class=\"elementor-element elementor-element-8029d21 elementor-widget elementor-widget-page-title\" data-id=\"8029d21\" data-element_type=\"widget\" data-widget_type=\"page-title.default\">\n\t\t\t\t<div class=\"elementor-widget-container\">\n\t\t\t\t\t\t\t\n\t\t<div class=\"hfe-page-title hfe-page-title-wrapper elementor-widget-heading\">\n\n\t\t\t\t\t\t\t\t<h2 class=\"elementor-heading-title elementor-size-default\">\n\t\t\t\t\t\t\t\t\n\t\t\t\tHydrog\u00e8ne  \n\t\t\t<\/h2 > \n\t\t\t\t\t<\/div>\n\t\t\t\t\t\t<\/div>\n\t\t\t\t<\/div>\n\t\t<div class=\"elementor-element elementor-element-43b977b e-con-full e-flex e-con e-child\" data-id=\"43b977b\" data-element_type=\"container\">\n\t\t\t\t<div class=\"elementor-element elementor-element-2bf4dc0 elementor-widget elementor-widget-hfe-breadcrumbs-widget\" data-id=\"2bf4dc0\" data-element_type=\"widget\" data-widget_type=\"hfe-breadcrumbs-widget.default\">\n\t\t\t\t<div class=\"elementor-widget-container\">\n\t\t\t\t\t<nav aria-label=\"Breadcrumb\"><ul class=\"hfe-breadcrumbs hfe-breadcrumbs-show-home\"><li class=\"hfe-breadcrumbs-item hfe-breadcrumbs-first\"><span class=\"hfe-breadcrumbs-home-icon\"><\/span><a href=\"https:\/\/www.energy-service-group.com\/fr\/\"><span class=\"hfe-breadcrumbs-text\">Home<\/span><\/a><\/li><\/ul><\/nav>\t\t\t\t<\/div>\n\t\t\t\t<\/div>\n\t\t\t\t<div class=\"elementor-element elementor-element-c6a7267 elementor-widget__width-initial elementor-hidden-mobile elementor-widget elementor-widget-heading\" data-id=\"c6a7267\" data-element_type=\"widget\" data-widget_type=\"heading.default\">\n\t\t\t\t<div class=\"elementor-widget-container\">\n\t\t\t\t\t<div class=\"elementor-heading-title elementor-size-default\"> L'hydrog\u00e8ne est l'avenir. Nous sommes impliqu\u00e9s dans le service depuis le tout d\u00e9but.<\/div>\t\t\t\t<\/div>\n\t\t\t\t<\/div>\n\t\t\t\t<\/div>\n\t\t\t\t\t<\/div>\n\t\t\t\t<\/div>\n\t\t\t\t<div class=\"elementor-element elementor-element-6d39d49 elementor-widget elementor-widget-spacer\" data-id=\"6d39d49\" data-element_type=\"widget\" data-widget_type=\"spacer.default\">\n\t\t\t\t<div class=\"elementor-widget-container\">\n\t\t\t\t\t\t\t<div class=\"elementor-spacer\">\n\t\t\t<div class=\"elementor-spacer-inner\"><\/div>\n\t\t<\/div>\n\t\t\t\t\t\t<\/div>\n\t\t\t\t<\/div>\n\t\t\t\t<\/div>\n\t\t<div class=\"elementor-element elementor-element-66217b3 e-flex e-con-boxed e-con e-parent\" data-id=\"66217b3\" data-element_type=\"container\">\n\t\t\t\t\t<div class=\"e-con-inner\">\n\t\t<div class=\"elementor-element elementor-element-5816163 e-con-full e-flex e-con e-child\" data-id=\"5816163\" data-element_type=\"container\">\n\t\t\t\t<div class=\"elementor-element elementor-element-a8cd5d1 elementor-widget elementor-widget-heading\" data-id=\"a8cd5d1\" data-element_type=\"widget\" data-widget_type=\"heading.default\">\n\t\t\t\t<div class=\"elementor-widget-container\">\n\t\t\t\t\t<h3 class=\"elementor-heading-title elementor-size-default\">L\u2019avenir a besoin d\u2019exp\u00e9rience.<\/h3>\t\t\t\t<\/div>\n\t\t\t\t<\/div>\n\t\t\t\t<div class=\"elementor-element elementor-element-5dc4b2a elementor-widget elementor-widget-text-editor\" data-id=\"5dc4b2a\" data-element_type=\"widget\" data-widget_type=\"text-editor.default\">\n\t\t\t\t<div class=\"elementor-widget-container\">\n\t\t\t\t\t\t\t\t\t<p>L\u2019hydrog\u00e8ne est un \u00e9l\u00e9ment central de la transition \u00e9nerg\u00e9tique. Actuellement encore en construction, mais avec un grand potentiel pour demain. C&rsquo;est pr\u00e9cis\u00e9ment l\u00e0 que nous intervenons : en tant que l&rsquo;un des rares prestataires de services, nous sommes d\u00e9j\u00e0 actifs dans l&rsquo;exploitation et la maintenance des \u00e9lectrolyseurs PEM.<\/p>\t\t\t\t\t\t\t\t<\/div>\n\t\t\t\t<\/div>\n\t\t\t\t<div class=\"elementor-element elementor-element-29362bf elementor-widget elementor-widget-text-editor\" data-id=\"29362bf\" data-element_type=\"widget\" data-widget_type=\"text-editor.default\">\n\t\t\t\t<div class=\"elementor-widget-container\">\n\t\t\t\t\t\t\t\t\t<p>Nos services sont flexibles et adapt\u00e9s au stade de d\u00e9veloppement de votre syst\u00e8me, de la maintenance individuelle aux tests conform\u00e9ment aux exigences l\u00e9gales. Avec vous, nous garantissons le fonctionnement s\u00fbr et fiable de cette technologie d\u2019avenir \u2013 de mani\u00e8re pragmatique, comp\u00e9tente et partenariale.<\/p>\t\t\t\t\t\t\t\t<\/div>\n\t\t\t\t<\/div>\n\t\t\t\t<\/div>\n\t\t<div class=\"elementor-element elementor-element-217be48 e-con-full e-flex e-con e-child\" data-id=\"217be48\" data-element_type=\"container\">\n\t\t<div class=\"elementor-element elementor-element-f605fa6 e-con-full animated-fast e-flex elementor-invisible e-con e-child\" data-id=\"f605fa6\" data-element_type=\"container\" data-settings=\"{&quot;background_background&quot;:&quot;classic&quot;,&quot;animation&quot;:&quot;opal-move-left&quot;}\">\n\t\t<div class=\"elementor-element elementor-element-1c711c6 e-con-full e-flex e-con e-child\" data-id=\"1c711c6\" data-element_type=\"container\">\n\t\t\t\t<div class=\"elementor-element elementor-element-6de649f elementor-widget elementor-widget-heading\" data-id=\"6de649f\" data-element_type=\"widget\" data-widget_type=\"heading.default\">\n\t\t\t\t<div class=\"elementor-widget-container\">\n\t\t\t\t\t<h5 class=\"elementor-heading-title elementor-size-default\"> Derri\u00e8re chaque installation se cache une \u00e9quipe solide.<\/h5>\t\t\t\t<\/div>\n\t\t\t\t<\/div>\n\t\t\t\t<div class=\"elementor-element elementor-element-3bf30d7 elementor-widget elementor-widget-text-editor\" data-id=\"3bf30d7\" data-element_type=\"widget\" data-widget_type=\"text-editor.default\">\n\t\t\t\t<div class=\"elementor-widget-container\">\n\t\t\t\t\t\t\t\t\t<p>Nos services ne reposent pas seulement sur la technologie, mais sur des personnes qui savent ce qu\u2019elles font.<\/p>\t\t\t\t\t\t\t\t<\/div>\n\t\t\t\t<\/div>\n\t\t\t\t<div class=\"elementor-element elementor-element-567c6ab elementor-button-link line-effect-yes elementor-widget elementor-widget-spaciaz-button\" data-id=\"567c6ab\" data-element_type=\"widget\" data-widget_type=\"spaciaz-button.default\">\n\t\t\t\t<div class=\"elementor-widget-container\">\n\t\t\t\t\t        <div class=\"elementor-button-wrapper\">\n            <a href=\"https:\/\/www.energy-service-group.com\/fr\/carriere\/\" class=\"elementor-button-link elementor-button elementor-size-sm\" role=\"button\">\n                        <span class=\"elementor-button-content-wrapper\">\n           \t\t\t<span class=\"elementor-button-text\" data-name=\"Emplois chez ESG\">\n                <span>Emplois chez ESG<\/span>\n            <\/span>\n\t\t<\/span>\n                    <\/a>\n        <\/div>\n        \t\t\t\t<\/div>\n\t\t\t\t<\/div>\n\t\t\t\t<\/div>\n\t\t\t\t<div class=\"elementor-element elementor-element-5900bac elementor-widget__width-initial elementor-absolute elementor-widget elementor-widget-spacer\" data-id=\"5900bac\" data-element_type=\"widget\" data-settings=\"{&quot;_position&quot;:&quot;absolute&quot;,&quot;spaciaz_decor_top_right&quot;:&quot;yes&quot;,&quot;spaciaz_decor_bottom_left&quot;:&quot;yes&quot;}\" data-widget_type=\"spacer.default\">\n\t\t\t\t<div class=\"elementor-widget-container\">\n\t\t\t\t\t\t\t<div class=\"elementor-spacer\">\n\t\t\t<div class=\"elementor-spacer-inner\"><\/div>\n\t\t<\/div>\n\t\t\t\t\t\t<\/div>\n\t\t\t\t<\/div>\n\t\t\t\t<div class=\"elementor-element elementor-element-5ec35bd elementor-button-default enable-style-icon-yes elementor-absolute icon-spaciaz-right elementor-widget elementor-widget-spaciaz-button\" data-id=\"5ec35bd\" data-element_type=\"widget\" data-settings=\"{&quot;_position&quot;:&quot;absolute&quot;}\" data-widget_type=\"spaciaz-button.default\">\n\t\t\t\t<div class=\"elementor-widget-container\">\n\t\t\t\t\t        <div class=\"elementor-button-wrapper\">\n            <a href=\"https:\/\/www.energy-service-group.com\/karriere\/\" class=\"elementor-button-link elementor-button elementor-size-sm\" role=\"button\">\n                        <span class=\"elementor-button-content-wrapper\">\n                          <span class=\"elementor-button-icon\">\n                    <span class=\"btn-icon-wrap\">\n                        <span class=\"btn-icon\">\n                            <i aria-hidden=\"true\" class=\"spaciaz-icon- spaciaz-icon-arrow-long-right\"><\/i>                        <\/span>\n                        <span class=\"btn-icon-hover\">\n                            <i aria-hidden=\"true\" class=\"spaciaz-icon- spaciaz-icon-arrow-long-right\"><\/i>                        <\/span>\n                    <\/span>\n\t\t\t   <\/span>\n            \t\t\t<span class=\"elementor-button-text\" data-name=\"\">\n                <span><\/span>\n            <\/span>\n\t\t<\/span>\n                    <\/a>\n        <\/div>\n        \t\t\t\t<\/div>\n\t\t\t\t<\/div>\n\t\t\t\t<\/div>\n\t\t\t\t<\/div>\n\t\t\t\t\t<\/div>\n\t\t\t\t<\/div>\n\t\t<div class=\"elementor-element elementor-element-12973f3 e-flex e-con-boxed e-con e-parent\" data-id=\"12973f3\" data-element_type=\"container\">\n\t\t\t\t\t<div class=\"e-con-inner\">\n\t\t\t\t<div class=\"elementor-element elementor-element-13465bc elementor-widget elementor-widget-heading\" data-id=\"13465bc\" data-element_type=\"widget\" data-widget_type=\"heading.default\">\n\t\t\t\t<div class=\"elementor-widget-container\">\n\t\t\t\t\t<h3 class=\"elementor-heading-title elementor-size-default\">Nos services<\/h3>\t\t\t\t<\/div>\n\t\t\t\t<\/div>\n\t\t<div class=\"elementor-element elementor-element-8692cdd e-grid e-con-full e-con e-child\" data-id=\"8692cdd\" data-element_type=\"container\">\n\t\t<div class=\"elementor-element elementor-element-9e432ca e-con-full e-flex e-con e-child\" data-id=\"9e432ca\" data-element_type=\"container\" data-settings=\"{&quot;background_background&quot;:&quot;gradient&quot;}\">\n\t\t\t\t<div class=\"elementor-element elementor-element-296487d elementor-absolute elementor-view-default elementor-widget elementor-widget-icon\" data-id=\"296487d\" data-element_type=\"widget\" data-settings=\"{&quot;_position&quot;:&quot;absolute&quot;}\" data-widget_type=\"icon.default\">\n\t\t\t\t<div class=\"elementor-widget-container\">\n\t\t\t\t\t\t\t<div class=\"elementor-icon-wrapper\">\n\t\t\t<div class=\"elementor-icon\">\n\t\t\t\t\t\t<\/div>\n\t\t<\/div>\n\t\t\t\t\t\t<\/div>\n\t\t\t\t<\/div>\n\t\t\t\t<div class=\"elementor-element elementor-element-60dede3 elementor-view-stacked elementor-shape-circle elementor-position-top elementor-mobile-position-top elementor-widget elementor-widget-icon-box\" data-id=\"60dede3\" data-element_type=\"widget\" data-widget_type=\"icon-box.default\">\n\t\t\t\t<div class=\"elementor-widget-container\">\n\t\t\t\t\t\t\t<div class=\"elementor-icon-box-wrapper\">\n\n\t\t\t\t\t\t<div class=\"elementor-icon-box-icon\">\n\t\t\t\t<span  class=\"elementor-icon elementor-animation-grow\">\n\t\t\t\t<svg xmlns=\"http:\/\/www.w3.org\/2000\/svg\" id=\"Ebene_1\" viewBox=\"0 0 512 512\"><defs><style> .st0 { fill: #fff; } <\/style><\/defs><g id=\"Icons\"><path class=\"st0\" d=\"M460.8,94.55v-.68c0-9.43-7.64-17.07-17.07-17.07h-34.13c-9.43,0-17.07,7.64-17.07,17.07h-42.67v-8.53c0-4.71-3.82-8.53-8.53-8.53s-8.53,3.82-8.53,8.53v8.53h-51.2v-8.53c0-4.71-3.82-8.53-8.53-8.53s-8.53,3.82-8.53,8.53v8.53h-25.6v-8.53c-.04-10.81-6.87-20.43-17.07-24.03v-18.64c0-9.43-7.64-17.07-17.07-17.07h-34.13c-9.43,0-17.07,7.64-17.07,17.07v18.64c-10.19,3.6-17.02,13.22-17.07,24.03v8.53h-17.07c0-9.43-7.64-17.07-17.07-17.07h-34.13c-9.43,0-17.07,7.64-17.07,17.07v.68C21.84,98.79.03,123.93,0,153.6v187.73c.03,29.67,21.84,54.81,51.2,59.05v17.75H17.07c-9.43,0-17.07,7.64-17.07,17.07v34.13c0,9.43,7.64,17.07,17.07,17.07h477.87c9.43,0,17.07-7.64,17.07-17.07v-34.13c0-9.43-7.64-17.07-17.07-17.07h-34.13v-17.75c29.36-4.24,51.17-29.38,51.2-59.05v-187.73c-.03-29.67-21.84-54.81-51.2-59.05ZM349.87,418.13v-17.07h42.67v17.07h-42.67ZM281.6,418.13v-17.07h51.2v17.07h-51.2ZM119.47,418.13v-17.07h145.07v17.07H119.47ZM281.6,196.27h51.2v25.6h-51.2v-25.6ZM281.6,238.93h51.2v25.6h-51.2v-25.6ZM281.6,281.6h51.2v25.6h-51.2v-25.6ZM281.6,324.27h51.2v25.6h-51.2v-25.6ZM332.8,179.2h-51.2v-25.6h51.2v25.6ZM281.6,366.93h51.2v17.07h-51.2v-17.07ZM392.53,110.93v273.07h-42.67V110.93h42.67ZM332.8,110.93v25.6h-51.2v-25.6h51.2ZM204.8,42.67v17.07h-34.13v-17.07h34.13ZM153.6,85.33c0-4.71,3.82-8.53,8.53-8.53h51.2c4.71,0,8.53,3.82,8.53,8.53v8.53h-68.27v-8.53ZM264.53,110.93v273.07H119.47V110.93h145.07ZM17.07,341.33v-187.73c.03-20.27,14.28-37.73,34.13-41.81v271.36c-19.85-4.08-34.11-21.55-34.13-41.81ZM68.27,93.87h34.13v324.27h-34.13V93.87ZM494.93,469.33H17.07v-34.13h477.87v34.13ZM409.6,418.13V93.87h34.13v324.27h-34.13ZM494.93,341.33c-.03,20.27-14.28,37.73-34.13,41.81V111.79c19.85,4.08,34.11,21.55,34.13,41.81v187.73Z\"><\/path><path class=\"st0\" d=\"M145.07,281.6c4.71,0,8.53-3.82,8.53-8.53v-25.6h17.07v25.6c0,4.71,3.82,8.53,8.53,8.53s8.53-3.82,8.53-8.53v-68.27c0-4.71-3.82-8.53-8.53-8.53s-8.53,3.82-8.53,8.53v25.6h-17.07v-25.6c0-4.71-3.82-8.53-8.53-8.53s-8.53,3.82-8.53,8.53v68.27c0,4.71,3.82,8.53,8.53,8.53Z\"><\/path><path class=\"st0\" d=\"M204.8,256c4.71,0,8.53-3.82,8.53-8.53s3.82-8.53,8.53-8.53c5.24.43,9.15,5.02,8.72,10.26-.22,2.69-1.57,5.17-3.72,6.8l-28.1,28.1c-3.33,3.33-3.33,8.74,0,12.07,1.6,1.6,3.77,2.5,6.03,2.5h34.13c4.71,0,8.53-3.82,8.53-8.53s-3.82-8.53-8.53-8.53h-13.53l13.53-13.53c10.87-9.83,11.71-26.6,1.89-37.47-4.86-5.38-11.71-8.53-18.95-8.73-25.34,0-33.44,34.13-17.07,34.13Z\"><\/path><\/g><\/svg>\t\t\t\t<\/span>\n\t\t\t<\/div>\n\t\t\t\n\t\t\t\t\t\t<div class=\"elementor-icon-box-content\">\n\n\t\t\t\t\t\t\t\t\t<h6 class=\"elementor-icon-box-title\">\n\t\t\t\t\t\t<span  >\n\t\t\t\t\t\t\tEntretien et r\u00e9paration individuels\t\t\t\t\t\t<\/span>\n\t\t\t\t\t<\/h6>\n\t\t\t\t\n\t\t\t\t\t\t\t\t\t<p class=\"elementor-icon-box-description\">\n\t\t\t\t\t\t Maintenance et support technique adapt\u00e9s pr\u00e9cis\u00e9ment \u00e0 votre type de syst\u00e8me et \u00e0 vos besoins.\t\t\t\t\t<\/p>\n\t\t\t\t\n\t\t\t<\/div>\n\t\t\t\n\t\t<\/div>\n\t\t\t\t\t\t<\/div>\n\t\t\t\t<\/div>\n\t\t\t\t<\/div>\n\t\t<div class=\"elementor-element elementor-element-0d1d046 e-con-full e-flex e-con e-child\" data-id=\"0d1d046\" data-element_type=\"container\" data-settings=\"{&quot;background_background&quot;:&quot;gradient&quot;}\">\n\t\t\t\t<div class=\"elementor-element elementor-element-ce84d92 elementor-absolute elementor-view-default elementor-widget elementor-widget-icon\" data-id=\"ce84d92\" data-element_type=\"widget\" data-settings=\"{&quot;_position&quot;:&quot;absolute&quot;}\" data-widget_type=\"icon.default\">\n\t\t\t\t<div class=\"elementor-widget-container\">\n\t\t\t\t\t\t\t<div class=\"elementor-icon-wrapper\">\n\t\t\t<div class=\"elementor-icon\">\n\t\t\t\t\t\t<\/div>\n\t\t<\/div>\n\t\t\t\t\t\t<\/div>\n\t\t\t\t<\/div>\n\t\t\t\t<div class=\"elementor-element elementor-element-eb6dde5 elementor-view-stacked elementor-shape-circle elementor-position-top elementor-mobile-position-top elementor-widget elementor-widget-icon-box\" data-id=\"eb6dde5\" data-element_type=\"widget\" data-widget_type=\"icon-box.default\">\n\t\t\t\t<div class=\"elementor-widget-container\">\n\t\t\t\t\t\t\t<div class=\"elementor-icon-box-wrapper\">\n\n\t\t\t\t\t\t<div class=\"elementor-icon-box-icon\">\n\t\t\t\t<span  class=\"elementor-icon\">\n\t\t\t\t<svg xmlns=\"http:\/\/www.w3.org\/2000\/svg\" id=\"Ebene_1\" viewBox=\"0 0 512 512\"><defs><style> .st0 { fill: #fff; } <\/style><\/defs><g id=\"Icons\"><path class=\"st0\" d=\"M460.8,94.55v-.68c0-9.43-7.64-17.07-17.07-17.07h-34.13c-9.43,0-17.07,7.64-17.07,17.07h-42.67v-8.53c0-4.71-3.82-8.53-8.53-8.53s-8.53,3.82-8.53,8.53v8.53h-51.2v-8.53c0-4.71-3.82-8.53-8.53-8.53s-8.53,3.82-8.53,8.53v8.53h-25.6v-8.53c-.04-10.81-6.87-20.43-17.07-24.03v-18.64c0-9.43-7.64-17.07-17.07-17.07h-34.13c-9.43,0-17.07,7.64-17.07,17.07v18.64c-10.19,3.6-17.02,13.22-17.07,24.03v8.53h-17.07c0-9.43-7.64-17.07-17.07-17.07h-34.13c-9.43,0-17.07,7.64-17.07,17.07v.68C21.84,98.79.03,123.93,0,153.6v187.73c.03,29.67,21.84,54.81,51.2,59.05v17.75H17.07c-9.43,0-17.07,7.64-17.07,17.07v34.13c0,9.43,7.64,17.07,17.07,17.07h477.87c9.43,0,17.07-7.64,17.07-17.07v-34.13c0-9.43-7.64-17.07-17.07-17.07h-34.13v-17.75c29.36-4.24,51.17-29.38,51.2-59.05v-187.73c-.03-29.67-21.84-54.81-51.2-59.05ZM349.87,418.13v-17.07h42.67v17.07h-42.67ZM281.6,418.13v-17.07h51.2v17.07h-51.2ZM119.47,418.13v-17.07h145.07v17.07H119.47ZM281.6,196.27h51.2v25.6h-51.2v-25.6ZM281.6,238.93h51.2v25.6h-51.2v-25.6ZM281.6,281.6h51.2v25.6h-51.2v-25.6ZM281.6,324.27h51.2v25.6h-51.2v-25.6ZM332.8,179.2h-51.2v-25.6h51.2v25.6ZM281.6,366.93h51.2v17.07h-51.2v-17.07ZM392.53,110.93v273.07h-42.67V110.93h42.67ZM332.8,110.93v25.6h-51.2v-25.6h51.2ZM204.8,42.67v17.07h-34.13v-17.07h34.13ZM153.6,85.33c0-4.71,3.82-8.53,8.53-8.53h51.2c4.71,0,8.53,3.82,8.53,8.53v8.53h-68.27v-8.53ZM264.53,110.93v273.07H119.47V110.93h145.07ZM17.07,341.33v-187.73c.03-20.27,14.28-37.73,34.13-41.81v271.36c-19.85-4.08-34.11-21.55-34.13-41.81ZM68.27,93.87h34.13v324.27h-34.13V93.87ZM494.93,469.33H17.07v-34.13h477.87v34.13ZM409.6,418.13V93.87h34.13v324.27h-34.13ZM494.93,341.33c-.03,20.27-14.28,37.73-34.13,41.81V111.79c19.85,4.08,34.11,21.55,34.13,41.81v187.73Z\"><\/path><path class=\"st0\" d=\"M145.07,281.6c4.71,0,8.53-3.82,8.53-8.53v-25.6h17.07v25.6c0,4.71,3.82,8.53,8.53,8.53s8.53-3.82,8.53-8.53v-68.27c0-4.71-3.82-8.53-8.53-8.53s-8.53,3.82-8.53,8.53v25.6h-17.07v-25.6c0-4.71-3.82-8.53-8.53-8.53s-8.53,3.82-8.53,8.53v68.27c0,4.71,3.82,8.53,8.53,8.53Z\"><\/path><path class=\"st0\" d=\"M204.8,256c4.71,0,8.53-3.82,8.53-8.53s3.82-8.53,8.53-8.53c5.24.43,9.15,5.02,8.72,10.26-.22,2.69-1.57,5.17-3.72,6.8l-28.1,28.1c-3.33,3.33-3.33,8.74,0,12.07,1.6,1.6,3.77,2.5,6.03,2.5h34.13c4.71,0,8.53-3.82,8.53-8.53s-3.82-8.53-8.53-8.53h-13.53l13.53-13.53c10.87-9.83,11.71-26.6,1.89-37.47-4.86-5.38-11.71-8.53-18.95-8.73-25.34,0-33.44,34.13-17.07,34.13Z\"><\/path><\/g><\/svg>\t\t\t\t<\/span>\n\t\t\t<\/div>\n\t\t\t\n\t\t\t\t\t\t<div class=\"elementor-icon-box-content\">\n\n\t\t\t\t\t\t\t\t\t<h6 class=\"elementor-icon-box-title\">\n\t\t\t\t\t\t<span  >\n\t\t\t\t\t\t\tTests selon les exigences l\u00e9gales\t\t\t\t\t\t<\/span>\n\t\t\t\t\t<\/h6>\n\t\t\t\t\n\t\t\t\t\t\t\t\t\t<p class=\"elementor-icon-box-description\">\n\t\t\t\t\t\t Tests et documentation conformes \u00e0 la l\u00e9gislation, conform\u00e9ment aux sp\u00e9cifications et normes de s\u00e9curit\u00e9 en vigueur.\t\t\t\t\t<\/p>\n\t\t\t\t\n\t\t\t<\/div>\n\t\t\t\n\t\t<\/div>\n\t\t\t\t\t\t<\/div>\n\t\t\t\t<\/div>\n\t\t\t\t<\/div>\n\t\t\t\t<\/div>\n\t\t\t\t\t<\/div>\n\t\t\t\t<\/div>\n\t\t<div class=\"elementor-element elementor-element-7867467 e-flex e-con-boxed e-con e-parent\" data-id=\"7867467\" data-element_type=\"container\">\n\t\t\t\t\t<div class=\"e-con-inner\">\n\t\t\t\t<div class=\"elementor-element elementor-element-728966d elementor-widget__width-initial elementor-widget elementor-widget-heading\" data-id=\"728966d\" data-element_type=\"widget\" data-widget_type=\"heading.default\">\n\t\t\t\t<div class=\"elementor-widget-container\">\n\t\t\t\t\t<h3 class=\"elementor-heading-title elementor-size-default\">Avez-vous encore des questions ?<\/h3>\t\t\t\t<\/div>\n\t\t\t\t<\/div>\n\t\t\t\t<div class=\"elementor-element elementor-element-3707d44 elementor-widget__width-initial elementor-widget elementor-widget-spaciaz-contactform\" data-id=\"3707d44\" data-element_type=\"widget\" data-widget_type=\"spaciaz-contactform.default\">\n\t\t\t\t<div class=\"elementor-widget-container\">\n\t\t\t\t\t\n<div class=\"wpcf7 no-js\" id=\"wpcf7-f7411-o1\" lang=\"de-DE\" dir=\"ltr\" data-wpcf7-id=\"7411\">\n<div class=\"screen-reader-response\"><p role=\"status\" aria-live=\"polite\" aria-atomic=\"true\"><\/p> <ul><\/ul><\/div>\n<form action=\"\/fr\/wp-json\/wp\/v2\/pages\/7347#wpcf7-f7411-o1\" method=\"post\" class=\"wpcf7-form init\" aria-label=\"Kontaktformular\" novalidate=\"novalidate\" data-status=\"init\">\n<fieldset class=\"hidden-fields-container\"><input type=\"hidden\" name=\"_wpcf7\" value=\"7411\" \/><input type=\"hidden\" name=\"_wpcf7_version\" value=\"6.1\" \/><input type=\"hidden\" name=\"_wpcf7_locale\" value=\"de_DE\" \/><input type=\"hidden\" name=\"_wpcf7_unit_tag\" value=\"wpcf7-f7411-o1\" \/><input type=\"hidden\" name=\"_wpcf7_container_post\" value=\"0\" \/><input type=\"hidden\" name=\"_wpcf7_posted_data_hash\" value=\"\" \/>\n<\/fieldset>\n<div class=\"row\">\n\t<div class=\"column-50\">\n\t\t<p><span class=\"wpcf7-form-control-wrap\" data-name=\"first-name\"><input size=\"40\" maxlength=\"400\" class=\"wpcf7-form-control wpcf7-text wpcf7-validates-as-required\" aria-required=\"true\" aria-invalid=\"false\" placeholder=\"Votre pr\u00e9nom*\" value=\"\" type=\"text\" name=\"first-name\" \/><\/span>\n\t\t<\/p>\n\t<\/div>\n\t<div class=\"column-50\">\n\t\t<p><span class=\"wpcf7-form-control-wrap\" data-name=\"last-name\"><input size=\"40\" maxlength=\"400\" class=\"wpcf7-form-control wpcf7-text wpcf7-validates-as-required\" aria-required=\"true\" aria-invalid=\"false\" placeholder=\"Votre nom de famille*\" value=\"\" type=\"text\" name=\"last-name\" \/><\/span>\n\t\t<\/p>\n\t<\/div>\n\t<div class=\"column-100\">\n\t\t<p><span class=\"wpcf7-form-control-wrap\" data-name=\"your-email\"><input size=\"40\" maxlength=\"400\" class=\"wpcf7-form-control wpcf7-email wpcf7-validates-as-required wpcf7-text wpcf7-validates-as-email\" aria-required=\"true\" aria-invalid=\"false\" placeholder=\"Adresse email*\" value=\"\" type=\"email\" name=\"your-email\" \/><\/span>\n\t\t<\/p>\n\t<\/div>\n\t<div class=\"column-100\">\n\t\t<p><span class=\"wpcf7-form-control-wrap\" data-name=\"textarea-366\"><textarea cols=\"40\" rows=\"6\" maxlength=\"2000\" class=\"wpcf7-form-control wpcf7-textarea\" aria-invalid=\"false\" placeholder=\"Votre message pour nous...\" name=\"textarea-366\"><\/textarea><\/span>\n\t\t<\/p>\n\t<\/div>\n\t<div class=\"column-100\" style=\"margin-bottom:30px;\">\n\t\t<p><span class=\"wpcf7-form-control-wrap\" data-name=\"acceptance-711\"><span class=\"wpcf7-form-control wpcf7-acceptance\"><span class=\"wpcf7-list-item\"><label><input type=\"checkbox\" name=\"acceptance-711\" value=\"1\" aria-invalid=\"false\" \/><span class=\"wpcf7-list-item-label\">J'ai lu la politique de confidentialit\u00e9 et je l'accepte.<\/span><\/label><\/span><\/span><\/span>\n\t\t<\/p>\n\t<\/div>\n\t<div class=\"column-100 wpcf7-button elementor-button-outline\">\n\t\t<div class=\"submit-btn enable-style-icon-yes\">\n\t\t\t<p><button type=\"submit\" value=\"submit\" class=\"elementor-button\"><span class=\"elementor-button-content-wrapper\"><span class=\"elementor-button-text\">Soumettre<\/span><span class=\"elementor-button-icon\"><span class=\"btn-icon-wrap\"><span class=\"btn-icon\"><i class=\"spaciaz-icon- spaciaz-icon-arrow-long-right\"><\/i><\/span><span class=\"btn-icon-hover\"><i class=\"spaciaz-icon- spaciaz-icon-arrow-long-right\"><\/i><\/span><\/span><\/span><\/span><\/button>\n\t\t\t<\/p>\n\t\t<\/div>\n\t<\/div>\n<\/div><div class=\"wpcf7-response-output\" aria-hidden=\"true\"><\/div>\n<\/form>\n<\/div>\n\t\t\t\t<\/div>\n\t\t\t\t<\/div>\n\t\t\t\t\t<\/div>\n\t\t\t\t<\/div>\n\t\t\t\t<\/div>\n\t\t","protected":false},"excerpt":{"rendered":"<p>Hydrog\u00e8ne Home L&rsquo;hydrog\u00e8ne est l&rsquo;avenir. Nous sommes impliqu\u00e9s dans le service depuis le tout d\u00e9but. L\u2019avenir a besoin d\u2019exp\u00e9rience. L\u2019hydrog\u00e8ne est un \u00e9l\u00e9ment central de la transition \u00e9nerg\u00e9tique. Actuellement encore en construction, mais avec un grand potentiel pour demain. C&rsquo;est pr\u00e9cis\u00e9ment l\u00e0 que nous intervenons : en tant que l&rsquo;un des rares prestataires de services, [&hellip;]<\/p>\n","protected":false},"author":1,"featured_media":0,"parent":0,"menu_order":0,"comment_status":"closed","ping_status":"closed","template":"template-homepage.php","meta":{"footnotes":""},"class_list":["post-7347","page","type-page","status-publish","hentry"],"_links":{"self":[{"href":"https:\/\/www.energy-service-group.com\/fr\/wp-json\/wp\/v2\/pages\/7347","targetHints":{"allow":["GET"]}}],"collection":[{"href":"https:\/\/www.energy-service-group.com\/fr\/wp-json\/wp\/v2\/pages"}],"about":[{"href":"https:\/\/www.energy-service-group.com\/fr\/wp-json\/wp\/v2\/types\/page"}],"author":[{"embeddable":true,"href":"https:\/\/www.energy-service-group.com\/fr\/wp-json\/wp\/v2\/users\/1"}],"replies":[{"embeddable":true,"href":"https:\/\/www.energy-service-group.com\/fr\/wp-json\/wp\/v2\/comments?post=7347"}],"version-history":[{"count":10,"href":"https:\/\/www.energy-service-group.com\/fr\/wp-json\/wp\/v2\/pages\/7347\/revisions"}],"predecessor-version":[{"id":7486,"href":"https:\/\/www.energy-service-group.com\/fr\/wp-json\/wp\/v2\/pages\/7347\/revisions\/7486"}],"wp:attachment":[{"href":"https:\/\/www.energy-service-group.com\/fr\/wp-json\/wp\/v2\/media?parent=7347"}],"curies":[{"name":"wp","href":"https:\/\/api.w.org\/{rel}","templated":true}]}}